{"id":11,"date":"2021-02-02T08:22:14","date_gmt":"2021-02-02T08:22:14","guid":{"rendered":"https:\/\/www.agence-rt.comcontact-3\/"},"modified":"2025-01-27T15:36:52","modified_gmt":"2025-01-27T14:36:52","slug":"contact-3","status":"publish","type":"page","link":"https:\/\/www.agence-rt.com\/?page_id=11","title":{"rendered":"Contact"},"content":{"rendered":"\t\t<div data-elementor-type=\"wp-page\" data-elementor-id=\"11\" class=\"elementor elementor-11\">\n\t\t\t\t\t\t<section class=\"elementor-section elementor-top-section elementor-element elementor-element-f563025 elementor-section-boxed elementor-section-height-default elementor-section-height-default\" data-id=\"f563025\" data-element_type=\"section\">\n\t\t\t\t\t\t<div class=\"elementor-container elementor-column-gap-default\">\n\t\t\t\t\t<div class=\"elementor-column elementor-col-100 elementor-top-column elementor-element elementor-element-3ff1e21\" data-id=\"3ff1e21\" data-element_type=\"column\">\n\t\t\t<div class=\"elementor-widget-wrap elementor-element-populated\">\n\t\t\t\t\t\t<div class=\"elementor-element elementor-element-29284d1 elementor-widget elementor-widget-spacer\" data-id=\"29284d1\" data-element_type=\"widget\" data-widget_type=\"spacer.default\">\n\t\t\t\t<div class=\"elementor-widget-container\">\n\t\t\t\t\t\t\t<div class=\"elementor-spacer\">\n\t\t\t<div class=\"elementor-spacer-inner\"><\/div>\n\t\t<\/div>\n\t\t\t\t\t\t<\/div>\n\t\t\t\t<\/div>\n\t\t\t\t\t<\/div>\n\t\t<\/div>\n\t\t\t\t\t<\/div>\n\t\t<\/section>\n\t\t\t\t<section class=\"elementor-section elementor-top-section elementor-element elementor-element-94c6978 elementor-section-boxed elementor-section-height-default elementor-section-height-default\" data-id=\"94c6978\" data-element_type=\"section\">\n\t\t\t\t\t\t<div class=\"elementor-container elementor-column-gap-default\">\n\t\t\t\t\t<div class=\"elementor-column elementor-col-50 elementor-top-column elementor-element elementor-element-970b6c8\" data-id=\"970b6c8\" data-element_type=\"column\" data-settings=\"{&quot;background_background&quot;:&quot;classic&quot;}\">\n\t\t\t<div class=\"elementor-widget-wrap elementor-element-populated\">\n\t\t\t\t\t\t<div class=\"elementor-element elementor-element-6f65498 elementor-widget__width-initial elementor-widget-mobile__width-initial elementor-widget elementor-widget-heading\" data-id=\"6f65498\" data-element_type=\"widget\" data-widget_type=\"heading.default\">\n\t\t\t\t<div class=\"elementor-widget-container\">\n\t\t\t\t\t<h1 class=\"elementor-heading-title elementor-size-default\">Comment nous contacter ? <\/br>O\u00f9 venir \u00e0 notre rencontre ? <\/h1>\t\t\t\t<\/div>\n\t\t\t\t<\/div>\n\t\t\t\t<div class=\"elementor-element elementor-element-8f307c7 elementor-position-left elementor-mobile-position-left elementor-widget-mobile__width-auto elementor-vertical-align-middle elementor-view-default elementor-widget elementor-widget-icon-box\" data-id=\"8f307c7\" data-element_type=\"widget\" data-widget_type=\"icon-box.default\">\n\t\t\t\t<div class=\"elementor-widget-container\">\n\t\t\t\t\t\t\t<div class=\"elementor-icon-box-wrapper\">\n\n\t\t\t\t\t\t<div class=\"elementor-icon-box-icon\">\n\t\t\t\t<span  class=\"elementor-icon\">\n\t\t\t\t<i aria-hidden=\"true\" class=\"fas fa-search-location\"><\/i>\t\t\t\t<\/span>\n\t\t\t<\/div>\n\t\t\t\n\t\t\t\t\t\t<div class=\"elementor-icon-box-content\">\n\n\t\t\t\t\t\t\t\t\t<p class=\"elementor-icon-box-title\">\n\t\t\t\t\t\t<span  >\n\t\t\t\t\t\t\t5bis chemin du Val Es Fleur, 50400 Granville\t\t\t\t\t\t<\/span>\n\t\t\t\t\t<\/p>\n\t\t\t\t\n\t\t\t\t\n\t\t\t<\/div>\n\t\t\t\n\t\t<\/div>\n\t\t\t\t\t\t<\/div>\n\t\t\t\t<\/div>\n\t\t\t\t<div class=\"elementor-element elementor-element-70fa896 elementor-widget elementor-widget-text-editor\" data-id=\"70fa896\" data-element_type=\"widget\" data-widget_type=\"text-editor.default\">\n\t\t\t\t<div class=\"elementor-widget-container\">\n\t\t\t\t\t\t\t\t\t<p>Lundi au Vendredi de 9h \u00e0 18h<\/p>\t\t\t\t\t\t\t\t<\/div>\n\t\t\t\t<\/div>\n\t\t\t\t<div class=\"elementor-element elementor-element-c153400 elementor-widget elementor-widget-text-editor\" data-id=\"c153400\" data-element_type=\"widget\" data-widget_type=\"text-editor.default\">\n\t\t\t\t<div class=\"elementor-widget-container\">\n\t\t\t\t\t\t\t\t\t<p><span style=\"white-space: pre-wrap;\">Robin Thourault<\/span><\/p>\t\t\t\t\t\t\t\t<\/div>\n\t\t\t\t<\/div>\n\t\t\t\t<div class=\"elementor-element elementor-element-a7adf02 elementor-position-left elementor-mobile-position-left elementor-widget-mobile__width-auto elementor-view-default elementor-vertical-align-top elementor-widget elementor-widget-icon-box\" data-id=\"a7adf02\" data-element_type=\"widget\" data-widget_type=\"icon-box.default\">\n\t\t\t\t<div class=\"elementor-widget-container\">\n\t\t\t\t\t\t\t<div class=\"elementor-icon-box-wrapper\">\n\n\t\t\t\t\t\t<div class=\"elementor-icon-box-icon\">\n\t\t\t\t<span  class=\"elementor-icon\">\n\t\t\t\t<i aria-hidden=\"true\" class=\"fas fa-phone-alt\"><\/i>\t\t\t\t<\/span>\n\t\t\t<\/div>\n\t\t\t\n\t\t\t\t\t\t<div class=\"elementor-icon-box-content\">\n\n\t\t\t\t\t\t\t\t\t<p class=\"elementor-icon-box-title\">\n\t\t\t\t\t\t<span  >\n\t\t\t\t\t\t\t<a href=\"tel:0698038157\">06 98 03 81 57<\/a>\t\t\t\t\t\t<\/span>\n\t\t\t\t\t<\/p>\n\t\t\t\t\n\t\t\t\t\n\t\t\t<\/div>\n\t\t\t\n\t\t<\/div>\n\t\t\t\t\t\t<\/div>\n\t\t\t\t<\/div>\n\t\t\t\t\t<\/div>\n\t\t<\/div>\n\t\t\t\t<div class=\"elementor-column elementor-col-50 elementor-top-column elementor-element elementor-element-1727e0b\" data-id=\"1727e0b\" data-element_type=\"column\">\n\t\t\t<div class=\"elementor-widget-wrap elementor-element-populated\">\n\t\t\t\t\t\t<div class=\"elementor-element elementor-element-392f457 elementor-widget elementor-widget-wpforms\" data-id=\"392f457\" data-element_type=\"widget\" data-widget_type=\"wpforms.default\">\n\t\t\t\t<div class=\"elementor-widget-container\">\n\t\t\t\t\t<div class=\"wpforms-container \" id=\"wpforms-15002\"><form id=\"wpforms-form-15002\" class=\"wpforms-validate wpforms-form\" data-formid=\"15002\" method=\"post\" enctype=\"multipart\/form-data\" action=\"\/index.php?rest_route=%2Fwp%2Fv2%2Fpages%2F11\" data-token=\"f25dafa73deed13f0cf7ed5634ea4dfd\" data-token-time=\"1777455325\"><noscript class=\"wpforms-error-noscript\">Veuillez activer JavaScript dans votre navigateur pour remplir ce formulaire.<\/noscript><div class=\"wpforms-field-container\"><div id=\"wpforms-15002-field_0-container\" class=\"wpforms-field wpforms-field-name\" data-field-id=\"0\"><label class=\"wpforms-field-label wpforms-label-hide\" for=\"wpforms-15002-field_0\">Nom<\/label><input type=\"text\" id=\"wpforms-15002-field_0\" class=\"wpforms-field-large\" name=\"wpforms[fields][0]\" placeholder=\"Entrez votre nom \" ><\/div><div id=\"wpforms-15002-field_1-container\" class=\"wpforms-field wpforms-field-email\" data-field-id=\"1\"><label class=\"wpforms-field-label wpforms-label-hide\" for=\"wpforms-15002-field_1\">Email<\/label><input type=\"email\" id=\"wpforms-15002-field_1\" class=\"wpforms-field-large\" name=\"wpforms[fields][1]\" placeholder=\"Entrez votre email\" spellcheck=\"false\" ><\/div><div id=\"wpforms-15002-field_2-container\" class=\"wpforms-field wpforms-field-textarea\" data-field-id=\"2\"><label class=\"wpforms-field-label wpforms-label-hide\" for=\"wpforms-15002-field_2\">Message<\/label><textarea id=\"wpforms-15002-field_2\" class=\"wpforms-field-medium\" name=\"wpforms[fields][2]\" placeholder=\"Entrez votre message\" ><\/textarea><\/div><\/div><!-- .wpforms-field-container --><div class=\"wpforms-recaptcha-container wpforms-is-recaptcha wpforms-is-recaptcha-type-v3\" ><input type=\"hidden\" name=\"wpforms[recaptcha]\" value=\"\"><\/div><div class=\"wpforms-submit-container\" ><input type=\"hidden\" name=\"wpforms[id]\" value=\"15002\"><input type=\"hidden\" name=\"page_title\" value=\"\"><input type=\"hidden\" name=\"page_url\" value=\"https:\/\/www.agence-rt.com\/index.php?rest_route=\/wp\/v2\/pages\/11\"><input type=\"hidden\" name=\"url_referer\" value=\"\"><button type=\"submit\" name=\"wpforms[submit]\" id=\"wpforms-submit-15002\" class=\"wpforms-submit\" data-alt-text=\"En cours d&#039;envoie ...\" data-submit-text=\"Envoyez\" aria-live=\"assertive\" value=\"wpforms-submit\">Envoyez<\/button><\/div><\/form><\/div>  <!-- .wpforms-container -->\t\t\t\t<\/div>\n\t\t\t\t<\/div>\n\t\t\t\t\t<\/div>\n\t\t<\/div>\n\t\t\t\t\t<\/div>\n\t\t<\/section>\n\t\t\t\t<\/div>\n\t\t","protected":false},"excerpt":{"rendered":"<p>Comment nous contacter ? O\u00f9 venir \u00e0 notre rencontre ? 5bis chemin du Val Es Fleur, 50400 Granville Lundi au Vendredi de 9h \u00e0 18h Robin Thourault 06 98 03 81 57 Veuillez activer JavaScript dans votre navigateur pour remplir ce formulaire.NomEmailMessage Envoyez<\/p>\n","protected":false},"author":192672986,"featured_media":0,"parent":0,"menu_order":0,"comment_status":"closed","ping_status":"closed","template":"elementor_header_footer","meta":{"site-sidebar-layout":"no-sidebar","site-content-layout":"page-builder","ast-site-content-layout":"","site-content-style":"default","site-sidebar-style":"default","ast-global-header-display":"","ast-banner-title-visibility":"","ast-main-header-display":"","ast-hfb-above-header-display":"","ast-hfb-below-header-display":"","ast-hfb-mobile-header-display":"","site-post-title":"disabled","ast-breadcrumbs-content":"disabled","ast-featured-img":"disabled","footer-sml-layout":"","theme-transparent-header-meta":"default","adv-header-id-meta":"","stick-header-meta":"","header-above-stick-meta":"","header-main-stick-meta":"","header-below-stick-meta":"","astra-migrate-meta-layouts":"","footnotes":""},"yoast_head":"<!-- This site is optimized with the Yoast SEO plugin v22.5 - https:\/\/yoast.com\/wordpress\/plugins\/seo\/ -->\n<title>Contact - Agence RT<\/title>\n<meta name=\"robots\" content=\"index, follow, max-snippet:-1, max-image-preview:large, max-video-preview:-1\" \/>\n<link rel=\"canonical\" href=\"https:\/\/www.agence-rt.com\/?page_id=11\" \/>\n<meta property=\"og:locale\" content=\"fr_FR\" \/>\n<meta property=\"og:type\" content=\"article\" \/>\n<meta property=\"og:title\" content=\"Contact - Agence RT\" \/>\n<meta property=\"og:description\" content=\"Comment nous contacter ? O\u00f9 venir \u00e0 notre rencontre ? 5bis chemin du Val Es Fleur, 50400 Granville Lundi au Vendredi de 9h \u00e0 18h Robin Thourault 06 98 03 81 57 Veuillez activer JavaScript dans votre navigateur pour remplir ce formulaire.NomEmailMessage Envoyez\" \/>\n<meta property=\"og:url\" content=\"https:\/\/www.agence-rt.com\/?page_id=11\" \/>\n<meta property=\"og:site_name\" content=\"Agence RT\" \/>\n<meta property=\"article:modified_time\" content=\"2025-01-27T14:36:52+00:00\" \/>\n<meta name=\"twitter:card\" content=\"summary_large_image\" \/>\n<meta name=\"twitter:label1\" content=\"Dur\u00e9e de lecture estim\u00e9e\" \/>\n\t<meta name=\"twitter:data1\" content=\"3 minutes\" \/>\n<script type=\"application\/ld+json\" class=\"yoast-schema-graph\">{\"@context\":\"https:\/\/schema.org\",\"@graph\":[{\"@type\":\"WebPage\",\"@id\":\"https:\/\/www.agence-rt.com\/?page_id=11\",\"url\":\"https:\/\/www.agence-rt.com\/?page_id=11\",\"name\":\"Contact - Agence RT\",\"isPartOf\":{\"@id\":\"https:\/\/www.agence-rt.com\/#website\"},\"datePublished\":\"2021-02-02T08:22:14+00:00\",\"dateModified\":\"2025-01-27T14:36:52+00:00\",\"breadcrumb\":{\"@id\":\"https:\/\/www.agence-rt.com\/?page_id=11#breadcrumb\"},\"inLanguage\":\"fr-FR\",\"potentialAction\":[{\"@type\":\"ReadAction\",\"target\":[\"https:\/\/www.agence-rt.com\/?page_id=11\"]}]},{\"@type\":\"BreadcrumbList\",\"@id\":\"https:\/\/www.agence-rt.com\/?page_id=11#breadcrumb\",\"itemListElement\":[{\"@type\":\"ListItem\",\"position\":1,\"name\":\"Accueil\",\"item\":\"https:\/\/www.agence-rt.com\/\"},{\"@type\":\"ListItem\",\"position\":2,\"name\":\"Contact\"}]},{\"@type\":\"WebSite\",\"@id\":\"https:\/\/www.agence-rt.com\/#website\",\"url\":\"https:\/\/www.agence-rt.com\/\",\"name\":\"Agence RT\",\"description\":\"Agence de communication, web design &amp; graphisme \u00e0 Granville\",\"publisher\":{\"@id\":\"https:\/\/www.agence-rt.com\/#organization\"},\"potentialAction\":[{\"@type\":\"SearchAction\",\"target\":{\"@type\":\"EntryPoint\",\"urlTemplate\":\"https:\/\/www.agence-rt.com\/?s={search_term_string}\"},\"query-input\":\"required name=search_term_string\"}],\"inLanguage\":\"fr-FR\"},{\"@type\":\"Organization\",\"@id\":\"https:\/\/www.agence-rt.com\/#organization\",\"name\":\"Agence RT\",\"url\":\"https:\/\/www.agence-rt.com\/\",\"logo\":{\"@type\":\"ImageObject\",\"inLanguage\":\"fr-FR\",\"@id\":\"https:\/\/www.agence-rt.com\/#\/schema\/logo\/image\/\",\"url\":\"https:\/\/www.agence-rt.com\/wp-content\/uploads\/2024\/02\/cropped-Group-284-1.png\",\"contentUrl\":\"https:\/\/www.agence-rt.com\/wp-content\/uploads\/2024\/02\/cropped-Group-284-1.png\",\"width\":4461,\"height\":1148,\"caption\":\"Agence RT\"},\"image\":{\"@id\":\"https:\/\/www.agence-rt.com\/#\/schema\/logo\/image\/\"}}]}<\/script>\n<!-- \/ Yoast SEO plugin. -->","yoast_head_json":{"title":"Contact - Agence RT","robots":{"index":"index","follow":"follow","max-snippet":"max-snippet:-1","max-image-preview":"max-image-preview:large","max-video-preview":"max-video-preview:-1"},"canonical":"https:\/\/www.agence-rt.com\/?page_id=11","og_locale":"fr_FR","og_type":"article","og_title":"Contact - Agence RT","og_description":"Comment nous contacter ? O\u00f9 venir \u00e0 notre rencontre ? 5bis chemin du Val Es Fleur, 50400 Granville Lundi au Vendredi de 9h \u00e0 18h Robin Thourault 06 98 03 81 57 Veuillez activer JavaScript dans votre navigateur pour remplir ce formulaire.NomEmailMessage Envoyez","og_url":"https:\/\/www.agence-rt.com\/?page_id=11","og_site_name":"Agence RT","article_modified_time":"2025-01-27T14:36:52+00:00","twitter_card":"summary_large_image","twitter_misc":{"Dur\u00e9e de lecture estim\u00e9e":"3 minutes"},"schema":{"@context":"https:\/\/schema.org","@graph":[{"@type":"WebPage","@id":"https:\/\/www.agence-rt.com\/?page_id=11","url":"https:\/\/www.agence-rt.com\/?page_id=11","name":"Contact - Agence RT","isPartOf":{"@id":"https:\/\/www.agence-rt.com\/#website"},"datePublished":"2021-02-02T08:22:14+00:00","dateModified":"2025-01-27T14:36:52+00:00","breadcrumb":{"@id":"https:\/\/www.agence-rt.com\/?page_id=11#breadcrumb"},"inLanguage":"fr-FR","potentialAction":[{"@type":"ReadAction","target":["https:\/\/www.agence-rt.com\/?page_id=11"]}]},{"@type":"BreadcrumbList","@id":"https:\/\/www.agence-rt.com\/?page_id=11#breadcrumb","itemListElement":[{"@type":"ListItem","position":1,"name":"Accueil","item":"https:\/\/www.agence-rt.com\/"},{"@type":"ListItem","position":2,"name":"Contact"}]},{"@type":"WebSite","@id":"https:\/\/www.agence-rt.com\/#website","url":"https:\/\/www.agence-rt.com\/","name":"Agence RT","description":"Agence de communication, web design &amp; graphisme \u00e0 Granville","publisher":{"@id":"https:\/\/www.agence-rt.com\/#organization"},"potentialAction":[{"@type":"SearchAction","target":{"@type":"EntryPoint","urlTemplate":"https:\/\/www.agence-rt.com\/?s={search_term_string}"},"query-input":"required name=search_term_string"}],"inLanguage":"fr-FR"},{"@type":"Organization","@id":"https:\/\/www.agence-rt.com\/#organization","name":"Agence RT","url":"https:\/\/www.agence-rt.com\/","logo":{"@type":"ImageObject","inLanguage":"fr-FR","@id":"https:\/\/www.agence-rt.com\/#\/schema\/logo\/image\/","url":"https:\/\/www.agence-rt.com\/wp-content\/uploads\/2024\/02\/cropped-Group-284-1.png","contentUrl":"https:\/\/www.agence-rt.com\/wp-content\/uploads\/2024\/02\/cropped-Group-284-1.png","width":4461,"height":1148,"caption":"Agence RT"},"image":{"@id":"https:\/\/www.agence-rt.com\/#\/schema\/logo\/image\/"}}]}},"_links":{"self":[{"href":"https:\/\/www.agence-rt.com\/index.php?rest_route=\/wp\/v2\/pages\/11"}],"collection":[{"href":"https:\/\/www.agence-rt.com\/index.php?rest_route=\/wp\/v2\/pages"}],"about":[{"href":"https:\/\/www.agence-rt.com\/index.php?rest_route=\/wp\/v2\/types\/page"}],"author":[{"embeddable":true,"href":"https:\/\/www.agence-rt.com\/index.php?rest_route=\/wp\/v2\/users\/192672986"}],"replies":[{"embeddable":true,"href":"https:\/\/www.agence-rt.com\/index.php?rest_route=%2Fwp%2Fv2%2Fcomments&post=11"}],"version-history":[{"count":87,"href":"https:\/\/www.agence-rt.com\/index.php?rest_route=\/wp\/v2\/pages\/11\/revisions"}],"predecessor-version":[{"id":19674,"href":"https:\/\/www.agence-rt.com\/index.php?rest_route=\/wp\/v2\/pages\/11\/revisions\/19674"}],"wp:attachment":[{"href":"https:\/\/www.agence-rt.com\/index.php?rest_route=%2Fwp%2Fv2%2Fmedia&parent=11"}],"curies":[{"name":"wp","href":"https:\/\/api.w.org\/{rel}","templated":true}]}}